{"id":1265,"date":"2024-02-22T12:00:37","date_gmt":"2024-02-22T10:00:37","guid":{"rendered":"https:\/\/www.ainabauza.com\/seguimiento-en-directo\/"},"modified":"2024-03-07T16:56:43","modified_gmt":"2024-03-07T14:56:43","slug":"seguimiento-en-directo","status":"publish","type":"page","link":"https:\/\/www.ainabauza.com\/en\/seguimiento-en-directo\/","title":{"rendered":"Live Tracking"},"content":{"rendered":"<p><div class=\"fusion-fullwidth fullwidth-box fusion-builder-row-1 fusion-flex-container has-pattern-background has-mask-background nonhundred-percent-fullwidth non-hundred-percent-height-scrolling\" style=\"--awb-border-radius-top-left:0px;--awb-border-radius-top-right:0px;--awb-border-radius-bottom-right:0px;--awb-border-radius-bottom-left:0px;--awb-padding-top-small:0%;--awb-margin-top-small:0%;--awb-flex-wrap:wrap;\" ><div class=\"fusion-builder-row fusion-row fusion-flex-align-items-flex-start fusion-flex-content-wrap\" style=\"max-width:1404px;margin-left: calc(-4% \/ 2 );margin-right: calc(-4% \/ 2 );\"><div class=\"fusion-layout-column fusion_builder_column fusion-builder-column-0 fusion_builder_column_1_1 1_1 fusion-flex-column\" style=\"--awb-padding-top:0%;--awb-bg-size:cover;--awb-width-large:100%;--awb-margin-top-large:0%;--awb-spacing-right-large:1.92%;--awb-margin-bottom-large:20px;--awb-spacing-left-large:1.92%;--awb-width-medium:100%;--awb-order-medium:0;--awb-spacing-right-medium:1.92%;--awb-spacing-left-medium:1.92%;--awb-width-small:100%;--awb-order-small:0;--awb-spacing-right-small:1.92%;--awb-spacing-left-small:1.92%;\" data-scroll-devices=\"small-visibility,medium-visibility,large-visibility\"><div class=\"fusion-column-wrapper fusion-column-has-shadow fusion-flex-justify-content-flex-start fusion-content-layout-column\"><div class=\"fusion-text fusion-text-1\"><h1>Live Tracking<\/h1>\n<\/div><div class=\"fusion-text fusion-text-2\"><p>On Sunday, <strong>March 3 at 12:15 UTC Aina Bauz\u00e0<\/strong> set sail for the Bahamas with the aim of becoming the fastest sailor to complete the Cadiz-Bahamas Route. Follow the adventure live, monitor the wind conditions, sailing speed, and track the Red\u00f3 by \u00c0nima Negra. You can also download the <strong>YB Tracking app<\/strong> from the <a href=\"https:\/\/play.google.com\/store\/apps\/details?id=com.yellowbrick.raceviewer&amp;hl=en\" target=\"_blank\" rel=\"noopener\">Play Store<\/a> or <a href=\"https:\/\/apps.apple.com\/us\/app\/yb-races\/id452193682\" target=\"_blank\" rel=\"noopener\">Apple Store<\/a> and follow her from your phone at any time.<\/p>\n<\/div><\/div><\/div><\/div><\/div><div class=\"fusion-fullwidth fullwidth-box fusion-builder-row-2 fusion-flex-container has-pattern-background has-mask-background nonhundred-percent-fullwidth hundred-percent-height hundred-percent-height-center-content non-hundred-percent-height-scrolling\" style=\"--awb-border-radius-top-left:0px;--awb-border-radius-top-right:0px;--awb-border-radius-bottom-right:0px;--awb-border-radius-bottom-left:0px;--awb-padding-top-small:0%;--awb-margin-top-small:0%;--awb-flex-wrap:wrap;\" ><div class=\"fusion-builder-row fusion-row fusion-flex-align-items-flex-start fusion-flex-content-wrap\" style=\"max-width:1404px;margin-left: calc(-4% \/ 2 );margin-right: calc(-4% \/ 2 );\"><div class=\"fusion-layout-column fusion_builder_column fusion-builder-column-1 fusion_builder_column_1_1 1_1 fusion-flex-column\" style=\"--awb-padding-top:0%;--awb-bg-size:cover;--awb-width-large:100%;--awb-margin-top-large:0%;--awb-spacing-right-large:1.92%;--awb-margin-bottom-large:20px;--awb-spacing-left-large:1.92%;--awb-width-medium:100%;--awb-order-medium:0;--awb-spacing-right-medium:1.92%;--awb-spacing-left-medium:1.92%;--awb-width-small:100%;--awb-order-small:0;--awb-spacing-right-small:1.92%;--awb-spacing-left-small:1.92%;\" data-scroll-devices=\"small-visibility,medium-visibility,large-visibility\"><div class=\"fusion-column-wrapper fusion-column-has-shadow fusion-flex-justify-content-flex-start fusion-content-layout-column\"><iframe src=\"https:\/\/yb.tl\/candiz2bahamas\" width='98%' height='800px'frameborder='0' allowfullscreen><\/iframe>\n<\/div><\/div><\/div><\/div><\/p>\n","protected":false},"excerpt":{"rendered":"","protected":false},"author":4,"featured_media":0,"parent":0,"menu_order":0,"comment_status":"closed","ping_status":"closed","template":"100-width.php","meta":{"footnotes":""},"class_list":["post-1265","page","type-page","status-publish","hentry"],"yoast_head":"<!-- This site is optimized with the Yoast SEO plugin v26.3 - https:\/\/yoast.com\/wordpress\/plugins\/seo\/ -->\n<title>Live Tracking - Aina Bauz\u00e0 Aina Bauz\u00e0<\/title>\n<meta name=\"description\" content=\"El reto: Establecer un nuevo r\u00e9cord mundial en solitario de la Ruta que enlaza C\u00e1diz y San Salvador\" \/>\n<meta name=\"robots\" content=\"index, follow, max-snippet:-1, max-image-preview:large, max-video-preview:-1\" \/>\n<link rel=\"canonical\" href=\"https:\/\/www.ainabauza.com\/en\/seguimiento-en-directo\/\" \/>\n<meta property=\"og:locale\" content=\"en_US\" \/>\n<meta property=\"og:type\" content=\"article\" \/>\n<meta property=\"og:title\" content=\"Live Tracking - Aina Bauz\u00e0 Aina Bauz\u00e0\" \/>\n<meta property=\"og:description\" content=\"El reto: Establecer un nuevo r\u00e9cord mundial en solitario de la Ruta que enlaza C\u00e1diz y San Salvador\" \/>\n<meta property=\"og:url\" content=\"https:\/\/www.ainabauza.com\/en\/seguimiento-en-directo\/\" \/>\n<meta property=\"og:site_name\" content=\"Aina Bauz\u00e0\" \/>\n<meta property=\"article:modified_time\" content=\"2024-03-07T14:56:43+00:00\" \/>\n<meta name=\"twitter:card\" content=\"summary_large_image\" \/>\n<script type=\"application\/ld+json\" class=\"yoast-schema-graph\">{\"@context\":\"https:\/\/schema.org\",\"@graph\":[{\"@type\":\"WebPage\",\"@id\":\"https:\/\/www.ainabauza.com\/en\/seguimiento-en-directo\/\",\"url\":\"https:\/\/www.ainabauza.com\/en\/seguimiento-en-directo\/\",\"name\":\"Live Tracking - Aina Bauz\u00e0 Aina Bauz\u00e0\",\"isPartOf\":{\"@id\":\"https:\/\/www.ainabauza.com\/#website\"},\"datePublished\":\"2024-02-22T10:00:37+00:00\",\"dateModified\":\"2024-03-07T14:56:43+00:00\",\"description\":\"El reto: Establecer un nuevo r\u00e9cord mundial en solitario de la Ruta que enlaza C\u00e1diz y San Salvador\",\"breadcrumb\":{\"@id\":\"https:\/\/www.ainabauza.com\/en\/seguimiento-en-directo\/#breadcrumb\"},\"inLanguage\":\"en-US\",\"potentialAction\":[{\"@type\":\"ReadAction\",\"target\":[\"https:\/\/www.ainabauza.com\/en\/seguimiento-en-directo\/\"]}]},{\"@type\":\"BreadcrumbList\",\"@id\":\"https:\/\/www.ainabauza.com\/en\/seguimiento-en-directo\/#breadcrumb\",\"itemListElement\":[{\"@type\":\"ListItem\",\"position\":1,\"name\":\"Portada\",\"item\":\"https:\/\/www.ainabauza.com\/en\/\"},{\"@type\":\"ListItem\",\"position\":2,\"name\":\"Live Tracking\"}]},{\"@type\":\"WebSite\",\"@id\":\"https:\/\/www.ainabauza.com\/#website\",\"url\":\"https:\/\/www.ainabauza.com\/\",\"name\":\"Aina Bauz\u00e0\",\"description\":\"\u00a1Sigue la aventura!\",\"publisher\":{\"@id\":\"https:\/\/www.ainabauza.com\/#\/schema\/person\/dbcf52d065923dc8654469783850c73b\"},\"potentialAction\":[{\"@type\":\"SearchAction\",\"target\":{\"@type\":\"EntryPoint\",\"urlTemplate\":\"https:\/\/www.ainabauza.com\/?s={search_term_string}\"},\"query-input\":{\"@type\":\"PropertyValueSpecification\",\"valueRequired\":true,\"valueName\":\"search_term_string\"}}],\"inLanguage\":\"en-US\"},{\"@type\":[\"Person\",\"Organization\"],\"@id\":\"https:\/\/www.ainabauza.com\/#\/schema\/person\/dbcf52d065923dc8654469783850c73b\",\"name\":\"aina\",\"image\":{\"@type\":\"ImageObject\",\"inLanguage\":\"en-US\",\"@id\":\"https:\/\/www.ainabauza.com\/#\/schema\/person\/image\/\",\"url\":\"https:\/\/www.ainabauza.com\/wp-content\/uploads\/2023\/12\/aina.jpg\",\"contentUrl\":\"https:\/\/www.ainabauza.com\/wp-content\/uploads\/2023\/12\/aina.jpg\",\"width\":900,\"height\":576,\"caption\":\"aina\"},\"logo\":{\"@id\":\"https:\/\/www.ainabauza.com\/#\/schema\/person\/image\/\"}}]}<\/script>\n<!-- \/ Yoast SEO plugin. -->","yoast_head_json":{"title":"Live Tracking - Aina Bauz\u00e0 Aina Bauz\u00e0","description":"El reto: Establecer un nuevo r\u00e9cord mundial en solitario de la Ruta que enlaza C\u00e1diz y San Salvador","robots":{"index":"index","follow":"follow","max-snippet":"max-snippet:-1","max-image-preview":"max-image-preview:large","max-video-preview":"max-video-preview:-1"},"canonical":"https:\/\/www.ainabauza.com\/en\/seguimiento-en-directo\/","og_locale":"en_US","og_type":"article","og_title":"Live Tracking - Aina Bauz\u00e0 Aina Bauz\u00e0","og_description":"El reto: Establecer un nuevo r\u00e9cord mundial en solitario de la Ruta que enlaza C\u00e1diz y San Salvador","og_url":"https:\/\/www.ainabauza.com\/en\/seguimiento-en-directo\/","og_site_name":"Aina Bauz\u00e0","article_modified_time":"2024-03-07T14:56:43+00:00","twitter_card":"summary_large_image","schema":{"@context":"https:\/\/schema.org","@graph":[{"@type":"WebPage","@id":"https:\/\/www.ainabauza.com\/en\/seguimiento-en-directo\/","url":"https:\/\/www.ainabauza.com\/en\/seguimiento-en-directo\/","name":"Live Tracking - Aina Bauz\u00e0 Aina Bauz\u00e0","isPartOf":{"@id":"https:\/\/www.ainabauza.com\/#website"},"datePublished":"2024-02-22T10:00:37+00:00","dateModified":"2024-03-07T14:56:43+00:00","description":"El reto: Establecer un nuevo r\u00e9cord mundial en solitario de la Ruta que enlaza C\u00e1diz y San Salvador","breadcrumb":{"@id":"https:\/\/www.ainabauza.com\/en\/seguimiento-en-directo\/#breadcrumb"},"inLanguage":"en-US","potentialAction":[{"@type":"ReadAction","target":["https:\/\/www.ainabauza.com\/en\/seguimiento-en-directo\/"]}]},{"@type":"BreadcrumbList","@id":"https:\/\/www.ainabauza.com\/en\/seguimiento-en-directo\/#breadcrumb","itemListElement":[{"@type":"ListItem","position":1,"name":"Portada","item":"https:\/\/www.ainabauza.com\/en\/"},{"@type":"ListItem","position":2,"name":"Live Tracking"}]},{"@type":"WebSite","@id":"https:\/\/www.ainabauza.com\/#website","url":"https:\/\/www.ainabauza.com\/","name":"Aina Bauz\u00e0","description":"\u00a1Sigue la aventura!","publisher":{"@id":"https:\/\/www.ainabauza.com\/#\/schema\/person\/dbcf52d065923dc8654469783850c73b"},"potentialAction":[{"@type":"SearchAction","target":{"@type":"EntryPoint","urlTemplate":"https:\/\/www.ainabauza.com\/?s={search_term_string}"},"query-input":{"@type":"PropertyValueSpecification","valueRequired":true,"valueName":"search_term_string"}}],"inLanguage":"en-US"},{"@type":["Person","Organization"],"@id":"https:\/\/www.ainabauza.com\/#\/schema\/person\/dbcf52d065923dc8654469783850c73b","name":"aina","image":{"@type":"ImageObject","inLanguage":"en-US","@id":"https:\/\/www.ainabauza.com\/#\/schema\/person\/image\/","url":"https:\/\/www.ainabauza.com\/wp-content\/uploads\/2023\/12\/aina.jpg","contentUrl":"https:\/\/www.ainabauza.com\/wp-content\/uploads\/2023\/12\/aina.jpg","width":900,"height":576,"caption":"aina"},"logo":{"@id":"https:\/\/www.ainabauza.com\/#\/schema\/person\/image\/"}}]}},"_links":{"self":[{"href":"https:\/\/www.ainabauza.com\/en\/wp-json\/wp\/v2\/pages\/1265","targetHints":{"allow":["GET"]}}],"collection":[{"href":"https:\/\/www.ainabauza.com\/en\/wp-json\/wp\/v2\/pages"}],"about":[{"href":"https:\/\/www.ainabauza.com\/en\/wp-json\/wp\/v2\/types\/page"}],"author":[{"embeddable":true,"href":"https:\/\/www.ainabauza.com\/en\/wp-json\/wp\/v2\/users\/4"}],"replies":[{"embeddable":true,"href":"https:\/\/www.ainabauza.com\/en\/wp-json\/wp\/v2\/comments?post=1265"}],"version-history":[{"count":3,"href":"https:\/\/www.ainabauza.com\/en\/wp-json\/wp\/v2\/pages\/1265\/revisions"}],"predecessor-version":[{"id":1275,"href":"https:\/\/www.ainabauza.com\/en\/wp-json\/wp\/v2\/pages\/1265\/revisions\/1275"}],"wp:attachment":[{"href":"https:\/\/www.ainabauza.com\/en\/wp-json\/wp\/v2\/media?parent=1265"}],"curies":[{"name":"wp","href":"https:\/\/api.w.org\/{rel}","templated":true}]}}